{"id":134,"date":"2024-11-26T18:45:11","date_gmt":"2024-11-26T17:45:11","guid":{"rendered":"https:\/\/www.deltaminuterie.it\/?page_id=134"},"modified":"2025-06-23T08:24:51","modified_gmt":"2025-06-23T07:24:51","slug":"qualita","status":"publish","type":"page","link":"https:\/\/www.deltaminuterie.it\/de\/qualita\/","title":{"rendered":"Qualit\u00e4t"},"content":{"rendered":"\t\t<div data-elementor-type=\"wp-page\" data-elementor-id=\"134\" class=\"elementor elementor-134\">\n\t\t\t\t<div class=\"elementor-element elementor-element-5fee1555 e-flex e-con-boxed wpr-particle-no wpr-jarallax-no wpr-parallax-no wpr-sticky-section-no e-con e-parent\" data-id=\"5fee1555\" data-element_type=\"container\" data-e-type=\"container\" data-settings=\"{&quot;background_background&quot;:&quot;classic&quot;}\">\n\t\t\t\t\t<div class=\"e-con-inner\">\n\t\t\t\t<div class=\"elementor-element elementor-element-9b98c2a elementor-widget-tablet__width-initial elementor-widget elementor-widget-text-editor\" data-id=\"9b98c2a\" data-element_type=\"widget\" data-e-type=\"widget\" data-widget_type=\"text-editor.default\">\n\t\t\t\t<div class=\"elementor-widget-container\">\n\t\t\t\t\t\t\t\t\t<p>Qualit\u00e4t<\/p>\t\t\t\t\t\t\t\t<\/div>\n\t\t\t\t<\/div>\n\t\t\t\t<div class=\"elementor-element elementor-element-9e4dcc3 elementor-widget elementor-widget-heading\" data-id=\"9e4dcc3\" data-element_type=\"widget\" data-e-type=\"widget\" data-widget_type=\"heading.default\">\n\t\t\t\t<div class=\"elementor-widget-container\">\n\t\t\t\t\t<h1 class=\"elementor-heading-title elementor-size-default\">Unser Mehrwert<\/h1>\t\t\t\t<\/div>\n\t\t\t\t<\/div>\n\t\t\t\t\t<\/div>\n\t\t\t\t<\/div>\n\t\t<div class=\"elementor-element elementor-element-79bc08de e-flex e-con-boxed wpr-particle-no wpr-jarallax-no wpr-parallax-no wpr-sticky-section-no e-con e-parent\" data-id=\"79bc08de\" data-element_type=\"container\" data-e-type=\"container\">\n\t\t\t\t\t<div class=\"e-con-inner\">\n\t\t<div class=\"elementor-element elementor-element-712be379 e-con-full e-flex wpr-particle-no wpr-jarallax-no wpr-parallax-no wpr-sticky-section-no e-con e-child\" data-id=\"712be379\" data-element_type=\"container\" data-e-type=\"container\" data-settings=\"{&quot;animation&quot;:&quot;none&quot;}\">\n\t\t\t\t<div class=\"elementor-element elementor-element-7cf35dab elementor-widget-tablet__width-initial elementor-widget elementor-widget-text-editor\" data-id=\"7cf35dab\" data-element_type=\"widget\" data-e-type=\"widget\" data-widget_type=\"text-editor.default\">\n\t\t\t\t<div class=\"elementor-widget-container\">\n\t\t\t\t\t\t\t\t\t<p>Zertifizierte Qualit\u00e4t<\/p>\t\t\t\t\t\t\t\t<\/div>\n\t\t\t\t<\/div>\n\t\t\t\t<div class=\"elementor-element elementor-element-17c11c0a elementor-widget elementor-widget-heading\" data-id=\"17c11c0a\" data-element_type=\"widget\" data-e-type=\"widget\" data-widget_type=\"heading.default\">\n\t\t\t\t<div class=\"elementor-widget-container\">\n\t\t\t\t\t<h1 class=\"elementor-heading-title elementor-size-default\">ISO 9001 Zertifizierte Qualit\u00e4t<\/h1>\t\t\t\t<\/div>\n\t\t\t\t<\/div>\n\t\t\t\t<div class=\"elementor-element elementor-element-67cd4691 elementor-widget-tablet__width-initial elementor-widget elementor-widget-text-editor\" data-id=\"67cd4691\" data-element_type=\"widget\" data-e-type=\"widget\" data-widget_type=\"text-editor.default\">\n\t\t\t\t<div class=\"elementor-widget-container\">\n\t\t\t\t\t\t\t\t\t<p><strong>Delta S.r.l. garantiert mechanische Bearbeitungen, die den h\u00f6chsten Qualit\u00e4tsstandards entsprechen.<\/strong><\/p><p>Dank der ISO 9001:2015-Zertifizierung unterliegt jede Phase des Produktionsprozesses einem strengen Qualit\u00e4tskontrollsystem, das Zuverl\u00e4ssigkeit und Pr\u00e4zision in jedem Projekt sicherstellt.<\/p>\t\t\t\t\t\t\t\t<\/div>\n\t\t\t\t<\/div>\n\t\t\t\t<\/div>\n\t\t\t\t\t<\/div>\n\t\t\t\t<\/div>\n\t\t<div class=\"elementor-element elementor-element-a9a981d e-flex e-con-boxed wpr-particle-no wpr-jarallax-no wpr-parallax-no wpr-sticky-section-no e-con e-parent\" data-id=\"a9a981d\" data-element_type=\"container\" data-e-type=\"container\">\n\t\t\t\t\t<div class=\"e-con-inner\">\n\t\t<div class=\"elementor-element elementor-element-a431f2c e-con-full e-flex wpr-particle-no wpr-jarallax-no wpr-parallax-no wpr-sticky-section-no e-con e-child\" data-id=\"a431f2c\" data-element_type=\"container\" data-e-type=\"container\" data-settings=\"{&quot;background_background&quot;:&quot;classic&quot;}\">\n\t\t\t\t<div class=\"elementor-element elementor-element-d3d856f elementor-widget elementor-widget-image\" data-id=\"d3d856f\" data-element_type=\"widget\" data-e-type=\"widget\" data-widget_type=\"image.default\">\n\t\t\t\t<div class=\"elementor-widget-container\">\n\t\t\t\t\t\t\t\t\t\t\t\t\t\t\t<img fetchpriority=\"high\" decoding=\"async\" width=\"1200\" height=\"1650\" src=\"https:\/\/www.deltaminuterie.it\/wp-content\/uploads\/2024\/12\/Certificato-di-qualita-ISO9001-minuterie-metalliche-bergamo-e-provincia-delta-minuterie.jpg\" class=\"attachment-large size-large wp-image-819\" alt=\"Certificato di qualita\u0300 ISO9001 minuterie metalliche bergamo e provincia delta minuterie\" srcset=\"https:\/\/www.deltaminuterie.it\/wp-content\/uploads\/2024\/12\/Certificato-di-qualita-ISO9001-minuterie-metalliche-bergamo-e-provincia-delta-minuterie.jpg 1200w, https:\/\/www.deltaminuterie.it\/wp-content\/uploads\/2024\/12\/Certificato-di-qualita-ISO9001-minuterie-metalliche-bergamo-e-provincia-delta-minuterie-768x1056.jpg 768w, https:\/\/www.deltaminuterie.it\/wp-content\/uploads\/2024\/12\/Certificato-di-qualita-ISO9001-minuterie-metalliche-bergamo-e-provincia-delta-minuterie-1117x1536.jpg 1117w\" sizes=\"(max-width: 1200px) 100vw, 1200px\" title=\"\">\t\t\t\t\t\t\t\t\t\t\t\t\t\t\t<\/div>\n\t\t\t\t<\/div>\n\t\t\t\t<\/div>\n\t\t\t\t\t<\/div>\n\t\t\t\t<\/div>\n\t\t<div class=\"elementor-element elementor-element-fed5936 e-flex e-con-boxed wpr-particle-no wpr-jarallax-no wpr-parallax-no wpr-sticky-section-no e-con e-parent\" data-id=\"fed5936\" data-element_type=\"container\" data-e-type=\"container\">\n\t\t\t\t\t<div class=\"e-con-inner\">\n\t\t<div class=\"elementor-element elementor-element-2f8ac34 e-con-full e-flex wpr-particle-no wpr-jarallax-no wpr-parallax-no wpr-sticky-section-no e-con e-child\" data-id=\"2f8ac34\" data-element_type=\"container\" data-e-type=\"container\" data-settings=\"{&quot;animation&quot;:&quot;none&quot;}\">\n\t\t\t\t<div class=\"elementor-element elementor-element-f460dc4 elementor-widget-tablet__width-initial elementor-widget elementor-widget-text-editor\" data-id=\"f460dc4\" data-element_type=\"widget\" data-e-type=\"widget\" data-widget_type=\"text-editor.default\">\n\t\t\t\t<div class=\"elementor-widget-container\">\n\t\t\t\t\t\t\t\t\t<p>Qualit\u00e4tskontrolle<\/p>\t\t\t\t\t\t\t\t<\/div>\n\t\t\t\t<\/div>\n\t\t\t\t<div class=\"elementor-element elementor-element-2eed2de elementor-widget elementor-widget-heading\" data-id=\"2eed2de\" data-element_type=\"widget\" data-e-type=\"widget\" data-widget_type=\"heading.default\">\n\t\t\t\t<div class=\"elementor-widget-container\">\n\t\t\t\t\t<h1 class=\"elementor-heading-title elementor-size-default\">Messraum<\/h1>\t\t\t\t<\/div>\n\t\t\t\t<\/div>\n\t\t\t\t<div class=\"elementor-element elementor-element-248639f elementor-widget-tablet__width-initial elementor-widget elementor-widget-text-editor\" data-id=\"248639f\" data-element_type=\"widget\" data-e-type=\"widget\" data-widget_type=\"text-editor.default\">\n\t\t\t\t<div class=\"elementor-widget-container\">\n\t\t\t\t\t\t\t\t\tQualit\u00e4t hat bei uns oberste <strong>Priorit\u00e4t<\/strong>. Delta verf\u00fcgt \u00fcber einen Messraum, der mit hochmodernen Messinstrumenten ausgestattet ist, um absolute Pr\u00e4zision bei jedem bearbeiteten Bauteil zu gew\u00e4hrleisten:\n\n<strong>\u0394<\/strong> Analoge und digitale Mikroskope, tausendstelgenaue H\u00f6henmessger\u00e4te, Rauheitsmessger\u00e4te und Profilprojektoren f\u00fcr pr\u00e4zise Messungen.\n\n<strong>\u0394<\/strong> 3D-Optiksysteme wie Tesa Scan 52 und ViciVision MTL1 f\u00fcr hochpr\u00e4zise, ber\u00fchrungslose Pr\u00fcfungen.\n\n<strong>\u0394<\/strong> Rauheits-Profilometer Alpa WRP mit Profile Studio Software zur Erfassung und Verarbeitung bis ins kleinste Detail.\t\t\t\t\t\t\t\t<\/div>\n\t\t\t\t<\/div>\n\t\t\t\t<\/div>\n\t\t<div class=\"elementor-element elementor-element-4c2fa68 e-con-full e-flex wpr-particle-no wpr-jarallax-no wpr-parallax-no wpr-sticky-section-no e-con e-child\" data-id=\"4c2fa68\" data-element_type=\"container\" data-e-type=\"container\" data-settings=\"{&quot;background_background&quot;:&quot;classic&quot;}\">\n\t\t<div class=\"elementor-element elementor-element-285e808 e-con-full e-transform e-flex wpr-particle-no wpr-jarallax-no wpr-parallax-no wpr-sticky-section-no e-con e-child\" data-id=\"285e808\" data-element_type=\"container\" data-e-type=\"container\" data-settings=\"{&quot;background_background&quot;:&quot;classic&quot;,&quot;_transform_rotateZ_effect&quot;:{&quot;unit&quot;:&quot;px&quot;,&quot;size&quot;:-3,&quot;sizes&quot;:[]},&quot;_transform_rotateZ_effect_tablet&quot;:{&quot;unit&quot;:&quot;deg&quot;,&quot;size&quot;:&quot;&quot;,&quot;sizes&quot;:[]},&quot;_transform_rotateZ_effect_mobile&quot;:{&quot;unit&quot;:&quot;deg&quot;,&quot;size&quot;:&quot;&quot;,&quot;sizes&quot;:[]}}\">\n\t\t\t\t<\/div>\n\t\t\t\t<\/div>\n\t\t\t\t\t<\/div>\n\t\t\t\t<\/div>\n\t\t<div class=\"elementor-element elementor-element-2262591 e-flex e-con-boxed wpr-particle-no wpr-jarallax-no wpr-parallax-no wpr-sticky-section-no e-con e-parent\" data-id=\"2262591\" data-element_type=\"container\" data-e-type=\"container\">\n\t\t\t\t\t<div class=\"e-con-inner\">\n\t\t<div class=\"elementor-element elementor-element-2a8ba51 e-con-full e-flex wpr-particle-no wpr-jarallax-no wpr-parallax-no wpr-sticky-section-no e-con e-child\" data-id=\"2a8ba51\" data-element_type=\"container\" data-e-type=\"container\" data-settings=\"{&quot;background_background&quot;:&quot;classic&quot;}\">\n\t\t<div class=\"elementor-element elementor-element-4d70728 e-con-full e-transform e-flex wpr-particle-no wpr-jarallax-no wpr-parallax-no wpr-sticky-section-no e-con e-child\" data-id=\"4d70728\" data-element_type=\"container\" data-e-type=\"container\" data-settings=\"{&quot;background_background&quot;:&quot;classic&quot;,&quot;_transform_rotateZ_effect&quot;:{&quot;unit&quot;:&quot;px&quot;,&quot;size&quot;:-3,&quot;sizes&quot;:[]},&quot;_transform_rotateZ_effect_tablet&quot;:{&quot;unit&quot;:&quot;deg&quot;,&quot;size&quot;:&quot;&quot;,&quot;sizes&quot;:[]},&quot;_transform_rotateZ_effect_mobile&quot;:{&quot;unit&quot;:&quot;deg&quot;,&quot;size&quot;:&quot;&quot;,&quot;sizes&quot;:[]}}\">\n\t\t\t\t<\/div>\n\t\t\t\t<\/div>\n\t\t<div class=\"elementor-element elementor-element-feabc73 e-con-full e-flex wpr-particle-no wpr-jarallax-no wpr-parallax-no wpr-sticky-section-no e-con e-child\" data-id=\"feabc73\" data-element_type=\"container\" data-e-type=\"container\" data-settings=\"{&quot;animation&quot;:&quot;none&quot;}\">\n\t\t\t\t<div class=\"elementor-element elementor-element-5379a7c elementor-widget-tablet__width-initial elementor-widget elementor-widget-text-editor\" data-id=\"5379a7c\" data-element_type=\"widget\" data-e-type=\"widget\" data-widget_type=\"text-editor.default\">\n\t\t\t\t<div class=\"elementor-widget-container\">\n\t\t\t\t\t\t\t\t\t<p>Technologien und statistische Kontrollen<\/p>\t\t\t\t\t\t\t\t<\/div>\n\t\t\t\t<\/div>\n\t\t\t\t<div class=\"elementor-element elementor-element-605a699 elementor-widget elementor-widget-heading\" data-id=\"605a699\" data-element_type=\"widget\" data-e-type=\"widget\" data-widget_type=\"heading.default\">\n\t\t\t\t<div class=\"elementor-widget-container\">\n\t\t\t\t\t<h1 class=\"elementor-heading-title elementor-size-default\">Fortschrittliche Software<\/h1>\t\t\t\t<\/div>\n\t\t\t\t<\/div>\n\t\t\t\t<div class=\"elementor-element elementor-element-29b03a3 elementor-widget-tablet__width-initial elementor-widget elementor-widget-text-editor\" data-id=\"29b03a3\" data-element_type=\"widget\" data-e-type=\"widget\" data-widget_type=\"text-editor.default\">\n\t\t\t\t<div class=\"elementor-widget-container\">\n\t\t\t\t\t\t\t\t\t<p>Um <strong>h\u00f6chste Pr\u00e4zision und Zuverl\u00e4ssigkeit<\/strong> in jeder Produktionsphase sicherzustellen, nutzt Delta S.r.l. fortschrittliche Software wie <strong>Metronomo<\/strong>.<\/p><p>Mit Metronomo k\u00f6nnen wir:<\/p><p><strong>\u0394<\/strong> <strong>Statistische Prozesskontrollen<\/strong> (SPC) durchf\u00fchren, die Produktionsqualit\u00e4t in Echtzeit \u00fcberwachen und Abweichungen fr\u00fchzeitig erkennen, bevor sie zu Problemen werden.<\/p><p><strong>\u0394<\/strong> <strong>F\u00e4higkeitsanalysen<\/strong> (Cp\/Cpk) durchf\u00fchren, um sicherzustellen, dass jede Produktionscharge exakt den technischen Anforderungen und Kundenspezifikationen entspricht.<\/p>\t\t\t\t\t\t\t\t<\/div>\n\t\t\t\t<\/div>\n\t\t\t\t<\/div>\n\t\t\t\t\t<\/div>\n\t\t\t\t<\/div>\n\t\t<div class=\"elementor-element elementor-element-fb3d6da e-flex e-con-boxed wpr-particle-no wpr-jarallax-no wpr-parallax-no wpr-sticky-section-no e-con e-parent\" data-id=\"fb3d6da\" data-element_type=\"container\" data-e-type=\"container\">\n\t\t\t\t\t<div class=\"e-con-inner\">\n\t\t<div class=\"elementor-element elementor-element-6d972ae1 e-con-full e-flex wpr-particle-no wpr-jarallax-no wpr-parallax-no wpr-sticky-section-no e-con e-child\" data-id=\"6d972ae1\" data-element_type=\"container\" data-e-type=\"container\" data-settings=\"{&quot;animation&quot;:&quot;none&quot;}\">\n\t\t\t\t<div class=\"elementor-element elementor-element-60bac94f elementor-widget-tablet__width-initial elementor-widget elementor-widget-text-editor\" data-id=\"60bac94f\" data-element_type=\"widget\" data-e-type=\"widget\" data-widget_type=\"text-editor.default\">\n\t\t\t\t<div class=\"elementor-widget-container\">\n\t\t\t\t\t\t\t\t\t<p>Galerie<\/p>\t\t\t\t\t\t\t\t<\/div>\n\t\t\t\t<\/div>\n\t\t\t\t<div class=\"elementor-element elementor-element-7ff99820 elementor-widget elementor-widget-heading\" data-id=\"7ff99820\" data-element_type=\"widget\" data-e-type=\"widget\" data-widget_type=\"heading.default\">\n\t\t\t\t<div class=\"elementor-widget-container\">\n\t\t\t\t\t<h1 class=\"elementor-heading-title elementor-size-default\">Besuchen Sie uns!<\/h1>\t\t\t\t<\/div>\n\t\t\t\t<\/div>\n\t\t\t\t<div class=\"elementor-element elementor-element-60f2a15d elementor-widget-tablet__width-initial elementor-widget elementor-widget-text-editor\" data-id=\"60f2a15d\" data-element_type=\"widget\" data-e-type=\"widget\" data-widget_type=\"text-editor.default\">\n\t\t\t\t<div class=\"elementor-widget-container\">\n\t\t\t\t\t\t\t\t\t<p>Entdecken Sie unsere Fertigungsprozesse und unser Unternehmen! Besuchen Sie uns, um im Detail zu erfahren, wie wir Ihnen am besten helfen k\u00f6nnen! Kontaktieren Sie uns \u00fcber die Kontaktseite oder telefonisch!<\/p>\t\t\t\t\t\t\t\t<\/div>\n\t\t\t\t<\/div>\n\t\t\t\t<\/div>\n\t\t\t\t\t<\/div>\n\t\t\t\t<\/div>\n\t\t<div class=\"elementor-element elementor-element-68f5ff6b e-grid e-con-boxed wpr-particle-no wpr-jarallax-no wpr-parallax-no wpr-sticky-section-no e-con e-parent\" data-id=\"68f5ff6b\" data-element_type=\"container\" data-e-type=\"container\">\n\t\t\t\t\t<div class=\"e-con-inner\">\n\t\t\t\t<div class=\"elementor-element elementor-element-77dbd883 e-transform elementor-widget elementor-widget-image\" data-id=\"77dbd883\" data-element_type=\"widget\" data-e-type=\"widget\" data-settings=\"{&quot;_transform_rotateZ_effect&quot;:{&quot;unit&quot;:&quot;px&quot;,&quot;size&quot;:-3,&quot;sizes&quot;:[]},&quot;_transform_rotateZ_effect_tablet&quot;:{&quot;unit&quot;:&quot;deg&quot;,&quot;size&quot;:&quot;&quot;,&quot;sizes&quot;:[]},&quot;_transform_rotateZ_effect_mobile&quot;:{&quot;unit&quot;:&quot;deg&quot;,&quot;size&quot;:&quot;&quot;,&quot;sizes&quot;:[]}}\" data-widget_type=\"image.default\">\n\t\t\t\t<div class=\"elementor-widget-container\">\n\t\t\t\t\t\t\t\t\t\t\t\t\t\t\t<img decoding=\"async\" src=\"https:\/\/www.deltaminuterie.it\/wp-content\/uploads\/elementor\/thumbs\/qualita-minuterie-metalliche-di-precisione-viteria-r0abscry6sziy0tmlmguxrcbmex8tghks6uhu73hog.jpg\" title=\"qualit\u00e0 minuterie metalliche di precisione viteria\" alt=\"qualit\u00e0 minuterie metalliche di precisione viteria\" loading=\"lazy\" \/>\t\t\t\t\t\t\t\t\t\t\t\t\t\t\t<\/div>\n\t\t\t\t<\/div>\n\t\t\t\t<div class=\"elementor-element elementor-element-4cc7012b e-transform elementor-widget elementor-widget-image\" data-id=\"4cc7012b\" data-element_type=\"widget\" data-e-type=\"widget\" data-settings=\"{&quot;_transform_rotateZ_effect&quot;:{&quot;unit&quot;:&quot;px&quot;,&quot;size&quot;:-1,&quot;sizes&quot;:[]},&quot;_transform_rotateZ_effect_tablet&quot;:{&quot;unit&quot;:&quot;deg&quot;,&quot;size&quot;:&quot;&quot;,&quot;sizes&quot;:[]},&quot;_transform_rotateZ_effect_mobile&quot;:{&quot;unit&quot;:&quot;deg&quot;,&quot;size&quot;:&quot;&quot;,&quot;sizes&quot;:[]}}\" data-widget_type=\"image.default\">\n\t\t\t\t<div class=\"elementor-widget-container\">\n\t\t\t\t\t\t\t\t\t\t\t\t\t\t\t<img decoding=\"async\" src=\"https:\/\/www.deltaminuterie.it\/wp-content\/uploads\/elementor\/thumbs\/sala-controllo-qualita-minuterie-metalliche-delta-srl-bergamo-r76wyiu43jnqu6of3g9lh8modr65pdq32gzysi6dds.jpg\" title=\"sala controllo qualit\u00e0 minuterie metalliche delta srl bergamo\" alt=\"sala controllo qualit\u00e0 minuterie metalliche delta srl bergamo\" loading=\"lazy\" \/>\t\t\t\t\t\t\t\t\t\t\t\t\t\t\t<\/div>\n\t\t\t\t<\/div>\n\t\t\t\t<div class=\"elementor-element elementor-element-25257ae9 e-transform elementor-widget elementor-widget-image\" data-id=\"25257ae9\" data-element_type=\"widget\" data-e-type=\"widget\" data-settings=\"{&quot;_transform_rotateZ_effect&quot;:{&quot;unit&quot;:&quot;px&quot;,&quot;size&quot;:1,&quot;sizes&quot;:[]},&quot;_transform_rotateZ_effect_tablet&quot;:{&quot;unit&quot;:&quot;deg&quot;,&quot;size&quot;:&quot;&quot;,&quot;sizes&quot;:[]},&quot;_transform_rotateZ_effect_mobile&quot;:{&quot;unit&quot;:&quot;deg&quot;,&quot;size&quot;:&quot;&quot;,&quot;sizes&quot;:[]}}\" data-widget_type=\"image.default\">\n\t\t\t\t<div class=\"elementor-widget-container\">\n\t\t\t\t\t\t\t\t\t\t\t\t\t\t\t<img decoding=\"async\" src=\"https:\/\/www.deltaminuterie.it\/wp-content\/uploads\/elementor\/thumbs\/Schedulatore-delta-minuterie-azienda-metalmeccanica-bergamo-r0fvhr4baiqbrdtjka4d2jfnknaknjwgkepim7aybk.jpg\" title=\"Schedulatore delta minuterie azienda metalmeccanica bergamo\" alt=\"Schedulatore delta minuterie azienda metalmeccanica bergamo\" loading=\"lazy\" \/>\t\t\t\t\t\t\t\t\t\t\t\t\t\t\t<\/div>\n\t\t\t\t<\/div>\n\t\t\t\t<div class=\"elementor-element elementor-element-79d53059 e-transform elementor-widget elementor-widget-image\" data-id=\"79d53059\" data-element_type=\"widget\" data-e-type=\"widget\" data-settings=\"{&quot;_transform_rotateZ_effect&quot;:{&quot;unit&quot;:&quot;px&quot;,&quot;size&quot;:1,&quot;sizes&quot;:[]},&quot;_transform_rotateZ_effect_tablet&quot;:{&quot;unit&quot;:&quot;deg&quot;,&quot;size&quot;:&quot;&quot;,&quot;sizes&quot;:[]},&quot;_transform_rotateZ_effect_mobile&quot;:{&quot;unit&quot;:&quot;deg&quot;,&quot;size&quot;:&quot;&quot;,&quot;sizes&quot;:[]}}\" data-widget_type=\"image.default\">\n\t\t\t\t<div class=\"elementor-widget-container\">\n\t\t\t\t\t\t\t\t\t\t\t\t\t\t\t<img decoding=\"async\" src=\"https:\/\/www.deltaminuterie.it\/wp-content\/uploads\/elementor\/thumbs\/lavorazione-cad-cam-minuterie-metalliche-bergamo-milano-lombardia-delta-minuterie-r0fuzzy276fcgjlz8lu1z0q7mmsz9dezgj3ca1mnuo.png\" title=\"lavorazione cad cam minuterie metalliche bergamo milano lombardia delta minuterie\" alt=\"lavorazione cad cam minuterie metalliche bergamo milano lombardia delta minuterie\" loading=\"lazy\" \/>\t\t\t\t\t\t\t\t\t\t\t\t\t\t\t<\/div>\n\t\t\t\t<\/div>\n\t\t\t\t<div class=\"elementor-element elementor-element-7b27c7e4 e-transform elementor-widget elementor-widget-image\" data-id=\"7b27c7e4\" data-element_type=\"widget\" data-e-type=\"widget\" data-settings=\"{&quot;_transform_rotateZ_effect&quot;:{&quot;unit&quot;:&quot;px&quot;,&quot;size&quot;:-3,&quot;sizes&quot;:[]},&quot;_transform_rotateZ_effect_tablet&quot;:{&quot;unit&quot;:&quot;deg&quot;,&quot;size&quot;:&quot;&quot;,&quot;sizes&quot;:[]},&quot;_transform_rotateZ_effect_mobile&quot;:{&quot;unit&quot;:&quot;deg&quot;,&quot;size&quot;:&quot;&quot;,&quot;sizes&quot;:[]}}\" data-widget_type=\"image.default\">\n\t\t\t\t<div class=\"elementor-widget-container\">\n\t\t\t\t\t\t\t\t\t\t\t\t\t\t\t<img decoding=\"async\" src=\"https:\/\/www.deltaminuterie.it\/wp-content\/uploads\/elementor\/thumbs\/sala-di-controllo-azienda-delta-minuterie-metallica-precisione-bergamo-delta-minuterie-r76wzesmjwvhsxdzwu2wu0kckusmz38yiv6h3wuzi8.jpg\" title=\"sala di controllo azienda delta minuterie metallica precisione bergamo delta minuterie\" alt=\"sala di controllo azienda delta minuterie metallica precisione bergamo delta minuterie\" loading=\"lazy\" \/>\t\t\t\t\t\t\t\t\t\t\t\t\t\t\t<\/div>\n\t\t\t\t<\/div>\n\t\t\t\t<div class=\"elementor-element elementor-element-7aacb623 e-transform elementor-widget elementor-widget-image\" data-id=\"7aacb623\" data-element_type=\"widget\" data-e-type=\"widget\" data-settings=\"{&quot;_transform_rotateZ_effect&quot;:{&quot;unit&quot;:&quot;px&quot;,&quot;size&quot;:-1,&quot;sizes&quot;:[]},&quot;_transform_rotateZ_effect_tablet&quot;:{&quot;unit&quot;:&quot;deg&quot;,&quot;size&quot;:&quot;&quot;,&quot;sizes&quot;:[]},&quot;_transform_rotateZ_effect_mobile&quot;:{&quot;unit&quot;:&quot;deg&quot;,&quot;size&quot;:&quot;&quot;,&quot;sizes&quot;:[]}}\" data-widget_type=\"image.default\">\n\t\t\t\t<div class=\"elementor-widget-container\">\n\t\t\t\t\t\t\t\t\t\t\t\t\t\t\t<img decoding=\"async\" src=\"https:\/\/www.deltaminuterie.it\/wp-content\/uploads\/elementor\/thumbs\/reparto-qualita-delta-minuterie-metalliche-bergamo-r0absdpsdn0t9ms9g4vhi93s7ssm15lb4bhzbh23i8.jpg\" title=\"reparto qualit\u00e0 delta minuterie metalliche bergamo\" alt=\"reparto qualit\u00e0 delta minuterie metalliche bergamo\" loading=\"lazy\" \/>\t\t\t\t\t\t\t\t\t\t\t\t\t\t\t<\/div>\n\t\t\t\t<\/div>\n\t\t\t\t<div class=\"elementor-element elementor-element-7b5cd994 e-transform elementor-widget elementor-widget-image\" data-id=\"7b5cd994\" data-element_type=\"widget\" data-e-type=\"widget\" data-settings=\"{&quot;_transform_rotateZ_effect&quot;:{&quot;unit&quot;:&quot;px&quot;,&quot;size&quot;:1,&quot;sizes&quot;:[]},&quot;_transform_rotateZ_effect_tablet&quot;:{&quot;unit&quot;:&quot;deg&quot;,&quot;size&quot;:&quot;&quot;,&quot;sizes&quot;:[]},&quot;_transform_rotateZ_effect_mobile&quot;:{&quot;unit&quot;:&quot;deg&quot;,&quot;size&quot;:&quot;&quot;,&quot;sizes&quot;:[]}}\" data-widget_type=\"image.default\">\n\t\t\t\t<div class=\"elementor-widget-container\">\n\t\t\t\t\t\t\t\t\t\t\t\t\t\t\t<img decoding=\"async\" src=\"https:\/\/www.deltaminuterie.it\/wp-content\/uploads\/elementor\/thumbs\/Delta-minuterie-officina-meccanica-di-precisione-bergamo-provincia-turning-milling-r0fvml0gevcdf8sycvacdtjxgxhh7k2swbecee54cg.jpg\" title=\"Delta minuterie officina meccanica di precisione bergamo provincia turning milling\" alt=\"Delta minuterie officina meccanica di precisione bergamo provincia turning milling\" loading=\"lazy\" \/>\t\t\t\t\t\t\t\t\t\t\t\t\t\t\t<\/div>\n\t\t\t\t<\/div>\n\t\t\t\t<div class=\"elementor-element elementor-element-50c76e42 e-transform elementor-widget elementor-widget-image\" data-id=\"50c76e42\" data-element_type=\"widget\" data-e-type=\"widget\" data-settings=\"{&quot;_transform_rotateZ_effect&quot;:{&quot;unit&quot;:&quot;px&quot;,&quot;size&quot;:5,&quot;sizes&quot;:[]},&quot;_transform_rotateZ_effect_tablet&quot;:{&quot;unit&quot;:&quot;deg&quot;,&quot;size&quot;:&quot;&quot;,&quot;sizes&quot;:[]},&quot;_transform_rotateZ_effect_mobile&quot;:{&quot;unit&quot;:&quot;deg&quot;,&quot;size&quot;:&quot;&quot;,&quot;sizes&quot;:[]}}\" data-widget_type=\"image.default\">\n\t\t\t\t<div class=\"elementor-widget-container\">\n\t\t\t\t\t\t\t\t\t\t\t\t\t\t\t<img decoding=\"async\" src=\"https:\/\/www.deltaminuterie.it\/wp-content\/uploads\/elementor\/thumbs\/3d-model-minuterie-metalliche-assieme-delta-minuterie-srl-r0fuo0i5280qfj0o7xcaojlmyrvi4au6t7nh01ed6o.png\" title=\"3d model minuterie metalliche assieme delta minuterie srl\" alt=\"3d model minuterie metalliche assieme delta minuterie srl\" loading=\"lazy\" \/>\t\t\t\t\t\t\t\t\t\t\t\t\t\t\t<\/div>\n\t\t\t\t<\/div>\n\t\t\t\t\t<\/div>\n\t\t\t\t<\/div>\n\t\t\t\t<\/div>\n\t\t","protected":false},"excerpt":{"rendered":"<p>Qualit\u00e0 Il nostro valore aggiunto Qualit\u00e0 certificata Qualit\u00e0 certificata IS09011 Delta S.r.l. garantisce lavorazioni meccaniche che rispettano i pi\u00f9 alti standard qualitativi. Grazie alla certificazione ISO 9001:2015, ogni fase del processo produttivo \u00e8 sottoposta a un rigoroso sistema di controllo qualit\u00e0, assicurando affidabilit\u00e0 e precisione in ogni progetto. Controllo qualit\u00e0 Sala Metrologica La qualit\u00e0 \u00e8 la nostra priorit\u00e0. Delta dispone di una sala metrologica dotata di strumenti di misurazione all\u2019avanguardia, progettati per garantire una precisione assoluta su ogni componente lavorato: \u0394 Microscopi analogici e digitali, altimetri millesimali, rugosimetri e proiettori di profili per misurazioni dettagliate. \u0394 Sistemi ottici 3D, come Tesa Scan 52 e ViciVision MTL1, per controlli senza contatto ad altissima precisione. \u0394 Rugo-Profilometro Alpa WRP con software Profile Studio per acquisizione ed elaborazione nei minimi dettagli. Tecnologie e controlli statistici Software Avanzati Per garantire la massima precisione e affidabilit\u00e0 in ogni fase produttiva, Delta S.r.l. si avvale di software avanzati come Metronomo. Attraverso Metronomo, siamo in grado di: \u0394 Eseguire controlli statistici di processo (SPC), monitorando in tempo reale la qualit\u00e0 della produzione e individuando eventuali deviazioni prima che diventino problematiche. \u0394 Effettuare analisi di capacit\u00e0 (Cp\/Cpk), assicurando che ogni lotto prodotto rispetti rigorosamente i requisiti tecnici e gli standard richiesti dai clienti. \u00a0 Galleria Vieni a trovarci! Scopri le nostre lavorazioni e la nostra azienda! Vieni a trovarci per scoprire nel dettaglio come possiamo aiutarti al meglio! Contattaci nella pagina dedicata o al numero di telefono!<\/p>\n","protected":false},"author":1,"featured_media":0,"parent":0,"menu_order":0,"comment_status":"closed","ping_status":"closed","template":"elementor_header_footer","meta":{"footnotes":""},"class_list":["post-134","page","type-page","status-publish","hentry"],"blocksy_meta":[],"_links":{"self":[{"href":"https:\/\/www.deltaminuterie.it\/de\/wp-json\/wp\/v2\/pages\/134","targetHints":{"allow":["GET"]}}],"collection":[{"href":"https:\/\/www.deltaminuterie.it\/de\/wp-json\/wp\/v2\/pages"}],"about":[{"href":"https:\/\/www.deltaminuterie.it\/de\/wp-json\/wp\/v2\/types\/page"}],"author":[{"embeddable":true,"href":"https:\/\/www.deltaminuterie.it\/de\/wp-json\/wp\/v2\/users\/1"}],"replies":[{"embeddable":true,"href":"https:\/\/www.deltaminuterie.it\/de\/wp-json\/wp\/v2\/comments?post=134"}],"version-history":[{"count":179,"href":"https:\/\/www.deltaminuterie.it\/de\/wp-json\/wp\/v2\/pages\/134\/revisions"}],"predecessor-version":[{"id":1807,"href":"https:\/\/www.deltaminuterie.it\/de\/wp-json\/wp\/v2\/pages\/134\/revisions\/1807"}],"wp:attachment":[{"href":"https:\/\/www.deltaminuterie.it\/de\/wp-json\/wp\/v2\/media?parent=134"}],"curies":[{"name":"wp","href":"https:\/\/api.w.org\/{rel}","templated":true}]}}