{"id":229,"date":"2024-12-05T16:09:55","date_gmt":"2024-12-05T15:09:55","guid":{"rendered":"https:\/\/www.deltaminuterie.it\/?page_id=229"},"modified":"2025-06-23T08:35:38","modified_gmt":"2025-06-23T07:35:38","slug":"sostenibilita","status":"publish","type":"page","link":"https:\/\/www.deltaminuterie.it\/en\/sostenibilita\/","title":{"rendered":"Sustainability"},"content":{"rendered":"\t\t<div data-elementor-type=\"wp-page\" data-elementor-id=\"229\" class=\"elementor elementor-229\">\n\t\t\t\t<div class=\"elementor-element elementor-element-bcddbcc e-flex e-con-boxed wpr-particle-no wpr-jarallax-no wpr-parallax-no wpr-sticky-section-no e-con e-parent\" data-id=\"bcddbcc\" data-element_type=\"container\" data-e-type=\"container\" data-settings=\"{&quot;background_background&quot;:&quot;classic&quot;}\">\n\t\t\t\t\t<div class=\"e-con-inner\">\n\t\t\t\t<div class=\"elementor-element elementor-element-3c361571 elementor-widget-tablet__width-initial elementor-widget elementor-widget-text-editor\" data-id=\"3c361571\" data-element_type=\"widget\" data-e-type=\"widget\" data-widget_type=\"text-editor.default\">\n\t\t\t\t<div class=\"elementor-widget-container\">\n\t\t\t\t\t\t\t\t\t<p>Sustainability<\/p>\t\t\t\t\t\t\t\t<\/div>\n\t\t\t\t<\/div>\n\t\t\t\t<div class=\"elementor-element elementor-element-684077f3 elementor-widget elementor-widget-heading\" data-id=\"684077f3\" data-element_type=\"widget\" data-e-type=\"widget\" data-widget_type=\"heading.default\">\n\t\t\t\t<div class=\"elementor-widget-container\">\n\t\t\t\t\t<h1 class=\"elementor-heading-title elementor-size-default\">Our Commitment to a Green Future<\/h1>\t\t\t\t<\/div>\n\t\t\t\t<\/div>\n\t\t\t\t\t<\/div>\n\t\t\t\t<\/div>\n\t\t<div class=\"elementor-element elementor-element-3b38e7d5 e-flex e-con-boxed wpr-particle-no wpr-jarallax-no wpr-parallax-no wpr-sticky-section-no e-con e-parent\" data-id=\"3b38e7d5\" data-element_type=\"container\" data-e-type=\"container\">\n\t\t\t\t\t<div class=\"e-con-inner\">\n\t\t<div class=\"elementor-element elementor-element-56911abb e-con-full e-flex wpr-particle-no wpr-jarallax-no wpr-parallax-no wpr-sticky-section-no e-con e-child\" data-id=\"56911abb\" data-element_type=\"container\" data-e-type=\"container\" data-settings=\"{&quot;animation&quot;:&quot;none&quot;}\">\n\t\t\t\t<div class=\"elementor-element elementor-element-26418ccc elementor-widget-tablet__width-initial elementor-widget elementor-widget-text-editor\" data-id=\"26418ccc\" data-element_type=\"widget\" data-e-type=\"widget\" data-widget_type=\"text-editor.default\">\n\t\t\t\t<div class=\"elementor-widget-container\">\n\t\t\t\t\t\t\t\t\t<p>What Will the Future Look Like?<\/p>\t\t\t\t\t\t\t\t<\/div>\n\t\t\t\t<\/div>\n\t\t\t\t<div class=\"elementor-element elementor-element-4706ff80 elementor-widget elementor-widget-heading\" data-id=\"4706ff80\" data-element_type=\"widget\" data-e-type=\"widget\" data-widget_type=\"heading.default\">\n\t\t\t\t<div class=\"elementor-widget-container\">\n\t\t\t\t\t<h1 class=\"elementor-heading-title elementor-size-default\">A More  <span style=\"color: #03A658\">Sustainable<\/span> Future<\/h1>\t\t\t\t<\/div>\n\t\t\t\t<\/div>\n\t\t\t\t<div class=\"elementor-element elementor-element-6482c0f0 elementor-widget-tablet__width-initial elementor-widget elementor-widget-text-editor\" data-id=\"6482c0f0\" data-element_type=\"widget\" data-e-type=\"widget\" data-widget_type=\"text-editor.default\">\n\t\t\t\t<div class=\"elementor-widget-container\">\n\t\t\t\t\t\t\t\t\t<p>Delta S.r.l. has been committed for years to <strong>reducing environmental impact<\/strong> through concrete actions and targeted investments in sustainability. We firmly believe that every step toward a greener future is essential to ensure a better world for future generations.<\/p>\t\t\t\t\t\t\t\t<\/div>\n\t\t\t\t<\/div>\n\t\t<div class=\"elementor-element elementor-element-4daf3ca e-con-full e-flex wpr-particle-no wpr-jarallax-no wpr-parallax-no wpr-sticky-section-no e-con e-child\" data-id=\"4daf3ca\" data-element_type=\"container\" data-e-type=\"container\" data-settings=\"{&quot;background_background&quot;:&quot;classic&quot;}\">\n\t\t\t\t<div class=\"elementor-element elementor-element-a6021ac elementor-widget elementor-widget-counter\" data-id=\"a6021ac\" data-element_type=\"widget\" data-e-type=\"widget\" data-widget_type=\"counter.default\">\n\t\t\t\t<div class=\"elementor-widget-container\">\n\t\t\t\t\t\t\t<div class=\"elementor-counter\">\n\t\t\t<div class=\"elementor-counter-title\">Tonnellate<\/div>\t\t\t<div class=\"elementor-counter-number-wrapper\">\n\t\t\t\t<span class=\"elementor-counter-number-prefix\"><\/span>\n\t\t\t\t<span class=\"elementor-counter-number\" data-duration=\"2000\" data-to-value=\"64.5\" data-from-value=\"0\" data-delimiter=\",\">0<\/span>\n\t\t\t\t<span class=\"elementor-counter-number-suffix\"><\/span>\n\t\t\t<\/div>\n\t\t<\/div>\n\t\t\t\t\t\t<\/div>\n\t\t\t\t<\/div>\n\t\t\t\t<\/div>\n\t\t\t\t<\/div>\n\t\t\t\t\t<\/div>\n\t\t\t\t<\/div>\n\t\t<div class=\"elementor-element elementor-element-c92b064 e-flex e-con-boxed wpr-particle-no wpr-jarallax-no wpr-parallax-no wpr-sticky-section-no e-con e-parent\" data-id=\"c92b064\" data-element_type=\"container\" data-e-type=\"container\" data-settings=\"{&quot;background_background&quot;:&quot;gradient&quot;}\">\n\t\t\t\t\t<div class=\"e-con-inner\">\n\t\t<div class=\"elementor-element elementor-element-ea05689 e-con-full e-flex wpr-particle-no wpr-jarallax-no wpr-parallax-no wpr-sticky-section-no e-con e-child\" data-id=\"ea05689\" data-element_type=\"container\" data-e-type=\"container\" data-settings=\"{&quot;background_background&quot;:&quot;classic&quot;}\">\n\t\t<div class=\"elementor-element elementor-element-58b240f e-con-full e-transform e-flex wpr-particle-no wpr-jarallax-no wpr-parallax-no wpr-sticky-section-no e-con e-child\" data-id=\"58b240f\" data-element_type=\"container\" data-e-type=\"container\" data-settings=\"{&quot;background_background&quot;:&quot;classic&quot;,&quot;_transform_rotateZ_effect&quot;:{&quot;unit&quot;:&quot;px&quot;,&quot;size&quot;:-3,&quot;sizes&quot;:[]},&quot;_transform_rotateZ_effect_tablet&quot;:{&quot;unit&quot;:&quot;deg&quot;,&quot;size&quot;:&quot;&quot;,&quot;sizes&quot;:[]},&quot;_transform_rotateZ_effect_mobile&quot;:{&quot;unit&quot;:&quot;deg&quot;,&quot;size&quot;:&quot;&quot;,&quot;sizes&quot;:[]}}\">\n\t\t\t\t<\/div>\n\t\t\t\t<\/div>\n\t\t<div class=\"elementor-element elementor-element-4eaba9f e-con-full e-flex wpr-particle-no wpr-jarallax-no wpr-parallax-no wpr-sticky-section-no e-con e-child\" data-id=\"4eaba9f\" data-element_type=\"container\" data-e-type=\"container\" data-settings=\"{&quot;animation&quot;:&quot;none&quot;}\">\n\t\t\t\t<div class=\"elementor-element elementor-element-22a4746 elementor-widget-tablet__width-initial elementor-widget elementor-widget-text-editor\" data-id=\"22a4746\" data-element_type=\"widget\" data-e-type=\"widget\" data-widget_type=\"text-editor.default\">\n\t\t\t\t<div class=\"elementor-widget-container\">\n\t\t\t\t\t\t\t\t\t<p>Delta Green<\/p>\t\t\t\t\t\t\t\t<\/div>\n\t\t\t\t<\/div>\n\t\t\t\t<div class=\"elementor-element elementor-element-749c4c3 elementor-widget elementor-widget-heading\" data-id=\"749c4c3\" data-element_type=\"widget\" data-e-type=\"widget\" data-widget_type=\"heading.default\">\n\t\t\t\t<div class=\"elementor-widget-container\">\n\t\t\t\t\t<h1 class=\"elementor-heading-title elementor-size-default\">Renewable Energy<\/h1>\t\t\t\t<\/div>\n\t\t\t\t<\/div>\n\t\t\t\t<div class=\"elementor-element elementor-element-fcc4bd5 elementor-widget-tablet__width-initial elementor-widget elementor-widget-text-editor\" data-id=\"fcc4bd5\" data-element_type=\"widget\" data-e-type=\"widget\" data-widget_type=\"text-editor.default\">\n\t\t\t\t<div class=\"elementor-widget-container\">\n\t\t\t\t\t\t\t\t\t<p>Clean energy is a cornerstone of our sustainability strategy.<\/p><p><strong>January 2019<\/strong>: We installed a 100 kW photovoltaic system to generate electricity for internal use, significantly reducing CO\u2082 emissions into the atmosphere.<\/p><p><strong>March 2024<\/strong>: With a new expansion of the photovoltaic system up to 230 kW, we are now able to cover approximately 70% of our company\u2019s energy needs through renewable sources.<\/p>\t\t\t\t\t\t\t\t<\/div>\n\t\t\t\t<\/div>\n\t\t\t\t<\/div>\n\t\t\t\t\t<\/div>\n\t\t\t\t<\/div>\n\t\t<div class=\"elementor-element elementor-element-5d6a211 e-flex e-con-boxed wpr-particle-no wpr-jarallax-no wpr-parallax-no wpr-sticky-section-no e-con e-parent\" data-id=\"5d6a211\" data-element_type=\"container\" data-e-type=\"container\">\n\t\t\t\t\t<div class=\"e-con-inner\">\n\t\t<div class=\"elementor-element elementor-element-b3f0378 e-con-full e-flex wpr-particle-no wpr-jarallax-no wpr-parallax-no wpr-sticky-section-no e-con e-child\" data-id=\"b3f0378\" data-element_type=\"container\" data-e-type=\"container\" data-settings=\"{&quot;animation&quot;:&quot;none&quot;}\">\n\t\t\t\t<div class=\"elementor-element elementor-element-941354f elementor-widget-tablet__width-initial elementor-widget elementor-widget-text-editor\" data-id=\"941354f\" data-element_type=\"widget\" data-e-type=\"widget\" data-widget_type=\"text-editor.default\">\n\t\t\t\t<div class=\"elementor-widget-container\">\n\t\t\t\t\t\t\t\t\t<p>Future<\/p>\t\t\t\t\t\t\t\t<\/div>\n\t\t\t\t<\/div>\n\t\t\t\t<div class=\"elementor-element elementor-element-29dab81 elementor-widget elementor-widget-heading\" data-id=\"29dab81\" data-element_type=\"widget\" data-e-type=\"widget\" data-widget_type=\"heading.default\">\n\t\t\t\t<div class=\"elementor-widget-container\">\n\t\t\t\t\t<h1 class=\"elementor-heading-title elementor-size-default\">Awareness<\/h1>\t\t\t\t<\/div>\n\t\t\t\t<\/div>\n\t\t\t\t<div class=\"elementor-element elementor-element-18e0994 elementor-widget-tablet__width-initial elementor-widget elementor-widget-text-editor\" data-id=\"18e0994\" data-element_type=\"widget\" data-e-type=\"widget\" data-widget_type=\"text-editor.default\">\n\t\t\t\t<div class=\"elementor-widget-container\">\n\t\t\t\t\t\t\t\t\t<p>Delta Minuterie adopts a <strong>sustainable approach<\/strong> at every stage of production.<\/p><p>Through optimized resource management, we reduce waste and recycle machining scraps. We pay special attention to packaging by using recyclable materials and reusable solutions to combine efficiency with environmental respect. Every initiative we undertake is designed to build a more responsible and sustainable future.<\/p><p>We are aware that <strong>sustainability is an ongoing journey<\/strong>, but our commitment is clear: to build a\u00a0<b><span style=\"color: #03a658;\">cleaner and more responsible future<\/span><\/b> for our company and the environment.<\/p>\t\t\t\t\t\t\t\t<\/div>\n\t\t\t\t<\/div>\n\t\t\t\t<\/div>\n\t\t\t\t\t<\/div>\n\t\t\t\t<\/div>\n\t\t<div class=\"elementor-element elementor-element-3a70b424 e-grid e-con-boxed wpr-particle-no wpr-jarallax-no wpr-parallax-no wpr-sticky-section-no e-con e-parent\" data-id=\"3a70b424\" data-element_type=\"container\" data-e-type=\"container\">\n\t\t\t\t\t<div class=\"e-con-inner\">\n\t\t\t\t<div class=\"elementor-element elementor-element-1dcdfb3f e-transform elementor-widget elementor-widget-image\" data-id=\"1dcdfb3f\" data-element_type=\"widget\" data-e-type=\"widget\" data-settings=\"{&quot;_transform_rotateZ_effect&quot;:{&quot;unit&quot;:&quot;px&quot;,&quot;size&quot;:-3,&quot;sizes&quot;:[]},&quot;_transform_rotateZ_effect_tablet&quot;:{&quot;unit&quot;:&quot;deg&quot;,&quot;size&quot;:&quot;&quot;,&quot;sizes&quot;:[]},&quot;_transform_rotateZ_effect_mobile&quot;:{&quot;unit&quot;:&quot;deg&quot;,&quot;size&quot;:&quot;&quot;,&quot;sizes&quot;:[]}}\" data-widget_type=\"image.default\">\n\t\t\t\t<div class=\"elementor-widget-container\">\n\t\t\t\t\t\t\t\t\t\t\t\t\t\t\t<img decoding=\"async\" src=\"https:\/\/www.deltaminuterie.it\/wp-content\/uploads\/elementor\/thumbs\/Azienda-delta-minuterie-srl-meccanica-di-precisione-bergamo-italia-lombardia-qyb5lk74wv155ktfdebtyeblua748bvc4jqsu0h4xs.jpg\" title=\"Azienda delta minuterie srl meccanica di precisione bergamo italia lombardia\" alt=\"Azienda delta minuterie srl meccanica di precisione bergamo italia lombardia\" loading=\"lazy\" \/>\t\t\t\t\t\t\t\t\t\t\t\t\t\t\t<\/div>\n\t\t\t\t<\/div>\n\t\t\t\t<div class=\"elementor-element elementor-element-352a7546 e-transform elementor-widget elementor-widget-image\" data-id=\"352a7546\" data-element_type=\"widget\" data-e-type=\"widget\" data-settings=\"{&quot;_transform_rotateZ_effect&quot;:{&quot;unit&quot;:&quot;px&quot;,&quot;size&quot;:3,&quot;sizes&quot;:[]},&quot;_transform_rotateZ_effect_tablet&quot;:{&quot;unit&quot;:&quot;deg&quot;,&quot;size&quot;:&quot;&quot;,&quot;sizes&quot;:[]},&quot;_transform_rotateZ_effect_mobile&quot;:{&quot;unit&quot;:&quot;deg&quot;,&quot;size&quot;:&quot;&quot;,&quot;sizes&quot;:[]}}\" data-widget_type=\"image.default\">\n\t\t\t\t<div class=\"elementor-widget-container\">\n\t\t\t\t\t\t\t\t\t\t\t\t\t\t\t<img decoding=\"async\" src=\"https:\/\/www.deltaminuterie.it\/wp-content\/uploads\/elementor\/thumbs\/Delta-minuterie-officina-meccanica-di-precisione-sedrina-bergamo-r0aa3ob0ztx5g8yoxe7vz2l32y07wvldruq2j52fcw.jpg\" title=\"Delta minuterie officina meccanica di precisione sedrina bergamo\" alt=\"Delta minuterie officina meccanica di precisione sedrina bergamo\" loading=\"lazy\" \/>\t\t\t\t\t\t\t\t\t\t\t\t\t\t\t<\/div>\n\t\t\t\t<\/div>\n\t\t\t\t\t<\/div>\n\t\t\t\t<\/div>\n\t\t\t\t<\/div>\n\t\t","protected":false},"excerpt":{"rendered":"<p>Sostenibilit\u00e0 Il nostro impegno per un Futuro Green Come sar\u00e0 il futuro? Un Futuro Pi\u00f9 Sostenibile Delta S.r.l. si impegna da anni nella riduzione dell\u2019impatto ambientale attraverso azioni concrete e investimenti mirati verso la sostenibilit\u00e0. Crediamo fermamente che ogni passo verso un futuro pi\u00f9 green sia fondamentale per garantire un mondo migliore alle prossime generazioni. Tonnellate 0 Delta Green Energia Rinnovabile L&#8217;energia pulita rappresenta un pilastro della nostra strategia di sostenibilit\u00e0. Gennaio 2019: Abbiamo installato un impianto fotovoltaico da 100 kW per generare energia elettrica da utilizzare internamente, riducendo significativamente le emissioni di CO\u2082 in atmosfera. Marzo 2024: Con un nuovo ampliamento dell\u2019impianto fotovoltaico fino a 230 kW, siamo ora in grado di coprire circa il 70% del fabbisogno energetico aziendale attraverso energie rinnovabili. Futuro Consapevolezza Delta Minuterie adotta un approccio sostenibile in ogni fase della produzione. Attraverso una gestione ottimizzata delle risorse, riduciamo gli sprechi e ricicliamo gli scarti di lavorazione. Prestiamo particolare attenzione agli imballaggi, utilizzando materiali riciclabili e soluzioni riutilizzabili per coniugare efficienza e rispetto per l\u2019ambiente.Ogni nostra iniziativa \u00e8 pensata per costruire un futuro pi\u00f9 responsabile e sostenibile. Siamo consapevoli che la sostenibilit\u00e0 \u00e8 un percorso continuo, ma il nostro impegno \u00e8 chiaro: costruire un futuro pi\u00f9 pulito e responsabile, per la nostra azienda e per l\u2019ambiente.<\/p>\n","protected":false},"author":1,"featured_media":0,"parent":0,"menu_order":0,"comment_status":"closed","ping_status":"closed","template":"elementor_header_footer","meta":{"footnotes":""},"class_list":["post-229","page","type-page","status-publish","hentry"],"blocksy_meta":[],"_links":{"self":[{"href":"https:\/\/www.deltaminuterie.it\/en\/wp-json\/wp\/v2\/pages\/229","targetHints":{"allow":["GET"]}}],"collection":[{"href":"https:\/\/www.deltaminuterie.it\/en\/wp-json\/wp\/v2\/pages"}],"about":[{"href":"https:\/\/www.deltaminuterie.it\/en\/wp-json\/wp\/v2\/types\/page"}],"author":[{"embeddable":true,"href":"https:\/\/www.deltaminuterie.it\/en\/wp-json\/wp\/v2\/users\/1"}],"replies":[{"embeddable":true,"href":"https:\/\/www.deltaminuterie.it\/en\/wp-json\/wp\/v2\/comments?post=229"}],"version-history":[{"count":82,"href":"https:\/\/www.deltaminuterie.it\/en\/wp-json\/wp\/v2\/pages\/229\/revisions"}],"predecessor-version":[{"id":1816,"href":"https:\/\/www.deltaminuterie.it\/en\/wp-json\/wp\/v2\/pages\/229\/revisions\/1816"}],"wp:attachment":[{"href":"https:\/\/www.deltaminuterie.it\/en\/wp-json\/wp\/v2\/media?parent=229"}],"curies":[{"name":"wp","href":"https:\/\/api.w.org\/{rel}","templated":true}]}}